{"id":24,"date":"2022-10-21T14:34:50","date_gmt":"2022-10-21T12:34:50","guid":{"rendered":"http:\/\/eltechslask.pl\/?page_id=24"},"modified":"2022-10-21T14:34:50","modified_gmt":"2022-10-21T12:34:50","slug":"o-nas","status":"publish","type":"page","link":"http:\/\/eltechslask.pl\/?page_id=24","title":{"rendered":"O nas&#8230;"},"content":{"rendered":"\n<p><strong>Firma Serwisowo-Handlowa ELTECH<\/strong>&nbsp;jest niedu\u017c\u0105 firm\u0105 dzia\u0142aj\u0105c\u0105 na rynku zwi\u0105zanym z elektronarz\u0119dziami od pocz\u0105tku 2006 roku). Od samego pocz\u0105tku staramy si\u0119 dostarczy\u0107 zar\u00f3wno firmom jak i osobom prywatnym jak najlepsze rozwi\u0105zania w dziedzinie elektronarz\u0119dzi. W naszej bogatej ofercie znajd\u0105 Pa\u0144stwo elektronarz\u0119dzia, osprz\u0119t i akcesoria, materia\u0142y eksploatacyjne i \u015bcierne, cz\u0119\u015bci i podzespo\u0142y oraz wiele innych towar\u00f3w r\u00f3\u017cnych znanych marek. Zapewniamy przy tym r\u00f3wnie\u017c profesjonalny, szybki i tani serwis oraz doradztwo. Przyjmujemy do naprawy wszystkie marki elektronarz\u0119dzi. <\/p>\n\n\n\n<hr class=\"wp-block-separator has-alpha-channel-opacity\"\/>\n\n\n\n<p><\/p>\n\n\n\n<p>Je\u017celi potrzebuj\u0105 Pa\u0144stwo fachowej pomocy, maj\u0105 Pa\u0144stwo jakie\u015b pytania odno\u015bnie elektronarz\u0119dzi to zapraszamy do naszego punktu w Gliwicach. Mo\u017cna si\u0119 r\u00f3wnie\u017c z nami skontaktowa\u0107 telefonicznie lub przez internet.<\/p>\n\n\n\n<hr class=\"wp-block-separator has-alpha-channel-opacity\"\/>\n\n\n\n<p><strong>Nasza oferta to:<\/strong><br>&#8211; tani i ekspresowy serwis elektronarz\u0119dzi<br>&#8211; sprzeda\u017c cz\u0119\u015bci i podzespo\u0142\u00f3w do elektronarz\u0119dzi<br>&#8211; sprzeda\u017c osprz\u0119tu i akcesorii do elektronarz\u0119dzi<br>&#8211; sprzeda\u017c materia\u0142\u00f3w eksploatacyjnych i \u015bciernych<br>&#8211; sprzeda\u017c elektronarz\u0119dzi<\/p>\n","protected":false},"excerpt":{"rendered":"<p>Firma Serwisowo-Handlowa ELTECH&nbsp;jest niedu\u017c\u0105 firm\u0105 dzia\u0142aj\u0105c\u0105 na rynku zwi\u0105zanym z elektronarz\u0119dziami od pocz\u0105tku 2006 roku). Od samego pocz\u0105tku staramy si\u0119 dostarczy\u0107 zar\u00f3wno firmom jak i osobom prywatnym jak najlepsze rozwi\u0105zania w dziedzinie elektronarz\u0119dzi. W naszej bogatej ofercie znajd\u0105 Pa\u0144stwo elektronarz\u0119dzia, osprz\u0119t i akcesoria, materia\u0142y eksploatacyjne i \u015bcierne, cz\u0119\u015bci i podzespo\u0142y oraz wiele innych towar\u00f3w r\u00f3\u017cnych &hellip; <\/p>\n<p class=\"link-more\"><a href=\"http:\/\/eltechslask.pl\/?page_id=24\" class=\"more-link\">Continue reading<span class=\"screen-reader-text\"> &#8220;O nas&#8230;&#8221;<\/span><\/a><\/p>\n","protected":false},"author":1,"featured_media":0,"parent":0,"menu_order":0,"comment_status":"closed","ping_status":"closed","template":"","meta":{"footnotes":""},"class_list":["post-24","page","type-page","status-publish","hentry"],"_links":{"self":[{"href":"http:\/\/eltechslask.pl\/index.php?rest_route=\/wp\/v2\/pages\/24","targetHints":{"allow":["GET"]}}],"collection":[{"href":"http:\/\/eltechslask.pl\/index.php?rest_route=\/wp\/v2\/pages"}],"about":[{"href":"http:\/\/eltechslask.pl\/index.php?rest_route=\/wp\/v2\/types\/page"}],"author":[{"embeddable":true,"href":"http:\/\/eltechslask.pl\/index.php?rest_route=\/wp\/v2\/users\/1"}],"replies":[{"embeddable":true,"href":"http:\/\/eltechslask.pl\/index.php?rest_route=%2Fwp%2Fv2%2Fcomments&post=24"}],"version-history":[{"count":1,"href":"http:\/\/eltechslask.pl\/index.php?rest_route=\/wp\/v2\/pages\/24\/revisions"}],"predecessor-version":[{"id":26,"href":"http:\/\/eltechslask.pl\/index.php?rest_route=\/wp\/v2\/pages\/24\/revisions\/26"}],"wp:attachment":[{"href":"http:\/\/eltechslask.pl\/index.php?rest_route=%2Fwp%2Fv2%2Fmedia&parent=24"}],"curies":[{"name":"wp","href":"https:\/\/api.w.org\/{rel}","templated":true}]}}