{"id":34,"date":"2022-10-24T20:02:00","date_gmt":"2022-10-24T18:02:00","guid":{"rendered":"http:\/\/eltechslask.pl\/?page_id=34"},"modified":"2022-10-25T15:05:33","modified_gmt":"2022-10-25T13:05:33","slug":"czesci","status":"publish","type":"page","link":"http:\/\/eltechslask.pl\/?page_id=34","title":{"rendered":"Cz\u0119\u015bci"},"content":{"rendered":"\n<div class=\"wp-block-media-text alignwide is-stacked-on-mobile\"><figure class=\"wp-block-media-text__media\"><img loading=\"lazy\" decoding=\"async\" width=\"450\" height=\"330\" src=\"http:\/\/eltechslask.pl\/wp-content\/uploads\/2022\/10\/czesci-2.jpg\" alt=\"\" class=\"wp-image-40 size-full\" srcset=\"http:\/\/eltechslask.pl\/wp-content\/uploads\/2022\/10\/czesci-2.jpg 450w, http:\/\/eltechslask.pl\/wp-content\/uploads\/2022\/10\/czesci-2-300x220.jpg 300w\" sizes=\"auto, (max-width: 450px) 100vw, 450px\" \/><\/figure><div class=\"wp-block-media-text__content\">\n<p class=\"has-text-align-right\">Jako firma serwisuj\u0105ca elektronarz\u0119dzia posiadamy w ofercie cz\u0119\u015bci do elektronarz\u0119dzi. Obecnie mo\u017cna u nas naby\u0107 w\u0142\u0105czniki, \u0142o\u017cyska, przek\u0142adnie, szczotki w\u0119glowe, kable, paski nap\u0119dowe i wiele innych podzespo\u0142\u00f3w do elektronarz\u0119dzi r\u00f3\u017cnych marek. Na specjaln\u0105 pro\u015bb\u0119 mo\u017cemy sprowadzi\u0107 praktycznie ka\u017cd\u0105 cz\u0119\u015b\u0107 do elektronarz\u0119dzi produkcji Bosch, DeWalt, Black&amp;Decker, Makita, Hitachi, Hikoki, AEG, Milwaukee, Ryobi, Metabo, Erbauer, Graphite, Maktec i wiele innych.<\/p>\n<\/div><\/div>\n\n\n\n<p>W celu u\u0142atwienia zam\u00f3wienia odpowiedniej cz\u0119\u015bci mo\u017cna pos\u0142u\u017cy\u0107 si\u0119 schematami udost\u0119pnianymi przez producent\u00f3w elektronarz\u0119dzi. Oto lista link\u00f3w do niekt\u00f3rych schemat\u00f3<\/p>\n\n\n\n<p class=\"has-text-align-center\"><a href=\"https:\/\/services2-milwaukee-psol.ttigroup.eu\/pl-pl\/\" target=\"_blank\" rel=\"noreferrer noopener\">Dokumentacja Milweukee<\/a><\/p>\n\n\n\n<p class=\"has-text-align-center\"><a href=\"https:\/\/services2-aeg-psol.ttigroup.eu\/pl-pl\/\" target=\"_blank\" rel=\"noreferrer noopener\">Dokumentacja AEG<\/a><\/p>\n\n\n\n<p class=\"has-text-align-center\"><a href=\"https:\/\/hikoki-narzedzia.pl\/do_pobrania\">Dokumentacja Hitachi (Hikoki)<\/a><\/p>\n\n\n\n<p class=\"has-text-align-center\"><a href=\"http:\/\/service.dewalt.pl\/DEWALT\/PL\/pl-PL\">Dokumentacja DeWalt<\/a><\/p>\n\n\n\n<p class=\"has-text-align-center\"><a href=\"https:\/\/service.blackanddecker.pl\/BD\/PL\/pl-PL\/\">Dokumentacja Black+Decker<\/a><\/p>\n\n\n\n<p class=\"has-text-align-center\"><a href=\"https:\/\/www.metabo-service.com\/pl\/spare-parts\/\">Dokumentacja Metabo<\/a><\/p>\n\n\n\n<p class=\"has-text-align-center\"><a href=\"https:\/\/www.boschtoolservice.com\/pl\/pl\/bosch-pt\/spareparts\/search\" target=\"_blank\" rel=\"noreferrer noopener\">Dokumentacja Bosch<\/a><\/p>\n\n\n\n<p class=\"has-text-align-center\"><a href=\"https:\/\/www.boschtoolservice.com\/pl\/pl\/bosch-pt\/spareparts\/search\" target=\"_blank\" rel=\"noreferrer noopener\">Dokumentacja <\/a><a href=\"https:\/\/www.boschtoolservice.com\/pl\/pl\/bosch-pt\/spareparts\/search\">Ryobi,<\/a><\/p>\n\n\n\n<p class=\"has-text-align-center\"><a rel=\"noreferrer noopener\" href=\"https:\/\/www.2helpu.com\/STANLEY\/PL\/pl-PL\/\" target=\"_blank\">Dokumentacja Stanley<\/a><\/p>\n\n\n\n<p><\/p>\n\n\n\n<p class=\"has-text-align-center\">Zapraszamy do wsp\u00f3\u0142pracy.<\/p>\n\n\n\n<p><\/p>\n","protected":false},"excerpt":{"rendered":"<p>Jako firma serwisuj\u0105ca elektronarz\u0119dzia posiadamy w ofercie cz\u0119\u015bci do elektronarz\u0119dzi. Obecnie mo\u017cna u nas naby\u0107 w\u0142\u0105czniki, \u0142o\u017cyska, przek\u0142adnie, szczotki w\u0119glowe, kable, paski nap\u0119dowe i wiele innych podzespo\u0142\u00f3w do elektronarz\u0119dzi r\u00f3\u017cnych marek. Na specjaln\u0105 pro\u015bb\u0119 mo\u017cemy sprowadzi\u0107 praktycznie ka\u017cd\u0105 cz\u0119\u015b\u0107 do elektronarz\u0119dzi produkcji Bosch, DeWalt, Black&amp;Decker, Makita, Hitachi, Hikoki, AEG, Milwaukee, Ryobi, Metabo, Erbauer, Graphite, Maktec &hellip; <\/p>\n<p class=\"link-more\"><a href=\"http:\/\/eltechslask.pl\/?page_id=34\" class=\"more-link\">Continue reading<span class=\"screen-reader-text\"> &#8220;Cz\u0119\u015bci&#8221;<\/span><\/a><\/p>\n","protected":false},"author":1,"featured_media":0,"parent":0,"menu_order":0,"comment_status":"closed","ping_status":"closed","template":"","meta":{"footnotes":""},"class_list":["post-34","page","type-page","status-publish","hentry"],"_links":{"self":[{"href":"http:\/\/eltechslask.pl\/index.php?rest_route=\/wp\/v2\/pages\/34","targetHints":{"allow":["GET"]}}],"collection":[{"href":"http:\/\/eltechslask.pl\/index.php?rest_route=\/wp\/v2\/pages"}],"about":[{"href":"http:\/\/eltechslask.pl\/index.php?rest_route=\/wp\/v2\/types\/page"}],"author":[{"embeddable":true,"href":"http:\/\/eltechslask.pl\/index.php?rest_route=\/wp\/v2\/users\/1"}],"replies":[{"embeddable":true,"href":"http:\/\/eltechslask.pl\/index.php?rest_route=%2Fwp%2Fv2%2Fcomments&post=34"}],"version-history":[{"count":9,"href":"http:\/\/eltechslask.pl\/index.php?rest_route=\/wp\/v2\/pages\/34\/revisions"}],"predecessor-version":[{"id":75,"href":"http:\/\/eltechslask.pl\/index.php?rest_route=\/wp\/v2\/pages\/34\/revisions\/75"}],"wp:attachment":[{"href":"http:\/\/eltechslask.pl\/index.php?rest_route=%2Fwp%2Fv2%2Fmedia&parent=34"}],"curies":[{"name":"wp","href":"https:\/\/api.w.org\/{rel}","templated":true}]}}