{"id":48,"date":"2022-10-24T20:46:45","date_gmt":"2022-10-24T18:46:45","guid":{"rendered":"http:\/\/eltechslask.pl\/?page_id=48"},"modified":"2022-10-28T13:14:34","modified_gmt":"2022-10-28T11:14:34","slug":"kontakt","status":"publish","type":"page","link":"http:\/\/eltechslask.pl\/?page_id=48","title":{"rendered":"Kontakt"},"content":{"rendered":"\n<div class=\"wp-block-group\"><div class=\"wp-block-group__inner-container is-layout-flow wp-block-group-is-layout-flow\">\n<div class=\"wp-block-columns is-layout-flex wp-container-core-columns-is-layout-9d6595d7 wp-block-columns-is-layout-flex\">\n<div class=\"wp-block-column is-layout-flow wp-block-column-is-layout-flow\" style=\"flex-basis:100%\">\n<div class=\"wp-block-group alignwide is-content-justification-center is-nowrap is-layout-flex wp-container-core-group-is-layout-46403f35 wp-block-group-is-layout-flex\">\n<div class=\"wp-block-media-text alignwide is-stacked-on-mobile\" style=\"grid-template-columns:34% auto\"><figure class=\"wp-block-media-text__media\"><img loading=\"lazy\" decoding=\"async\" width=\"1024\" height=\"334\" src=\"http:\/\/eltechslask.pl\/wp-content\/uploads\/2022\/10\/Logo2-1024x334.jpg\" alt=\"ELTECH\" class=\"wp-image-14 size-full\" srcset=\"http:\/\/eltechslask.pl\/wp-content\/uploads\/2022\/10\/Logo2-1024x334.jpg 1024w, http:\/\/eltechslask.pl\/wp-content\/uploads\/2022\/10\/Logo2-300x98.jpg 300w, http:\/\/eltechslask.pl\/wp-content\/uploads\/2022\/10\/Logo2-768x251.jpg 768w, http:\/\/eltechslask.pl\/wp-content\/uploads\/2022\/10\/Logo2-1536x502.jpg 1536w, http:\/\/eltechslask.pl\/wp-content\/uploads\/2022\/10\/Logo2-2048x669.jpg 2048w\" sizes=\"auto, (max-width: 767px) 89vw, (max-width: 1000px) 54vw, (max-width: 1071px) 543px, 580px\" \/><\/figure><div class=\"wp-block-media-text__content\">\n<div class=\"wp-block-group is-vertical is-content-justification-center is-layout-flex wp-container-core-group-is-layout-4b2eccd6 wp-block-group-is-layout-flex\">\n<p class=\"has-medium-font-size\">Firma Serwisowo-Handlowa ELTECH <\/p>\n\n\n\n<p class=\"has-medium-font-size\">44-100 Gliwice ul. Tanog\u00f3rska 20b<\/p>\n\n\n\n<p class=\"has-medium-font-size\">tel. 32 7280451 kom. 609844045<\/p>\n\n\n\n<p class=\"has-medium-font-size\">mail: biuro@eltech.slask.pl<\/p>\n\n\n\n<p class=\"has-medium-font-size\">biuro@eltechslask.pl<\/p>\n<\/div>\n<\/div><\/div>\n<\/div>\n<\/div>\n<\/div>\n<\/div><\/div>\n\n\n\n<p class=\"has-text-align-center has-medium-font-size\">NIP 9690683090<\/p>\n\n\n\n<p class=\"has-text-align-center has-medium-font-size\">Regon 240359790<\/p>\n\n\n\n<p class=\"has-text-align-center has-medium-font-size\">konto: mBank 72 1140 2017 0000 4002 0545 5508<\/p>\n\n\n\n<p><\/p>\n\n\n\n<p class=\"has-text-align-left has-medium-font-size\">Godziny pracy: <\/p>\n\n\n\n<ul class=\"wp-block-list\"><li>Poniedzia\u0142ek: 8:30 do 16:00<\/li><li>Wtorek: 8:30 do 16:00<\/li><li>\u015aroda: 8:30 do 16:00<\/li><li>Czwartek: 8:30 do 16:00<\/li><li>Pi\u0105tek: 8:30 do 15:00<\/li><\/ul>\n\n\n\n<p><\/p>\n","protected":false},"excerpt":{"rendered":"<p>Firma Serwisowo-Handlowa ELTECH 44-100 Gliwice ul. Tanog\u00f3rska 20b tel. 32 7280451 kom. 609844045 mail: biuro@eltech.slask.pl biuro@eltechslask.pl NIP 9690683090 Regon 240359790 konto: mBank 72 1140 2017 0000 4002 0545 5508 Godziny pracy: Poniedzia\u0142ek: 8:30 do 16:00 Wtorek: 8:30 do 16:00 \u015aroda: 8:30 do 16:00 Czwartek: 8:30 do 16:00 Pi\u0105tek: 8:30 do 15:00<\/p>\n","protected":false},"author":1,"featured_media":0,"parent":0,"menu_order":0,"comment_status":"closed","ping_status":"closed","template":"","meta":{"footnotes":""},"class_list":["post-48","page","type-page","status-publish","hentry"],"_links":{"self":[{"href":"http:\/\/eltechslask.pl\/index.php?rest_route=\/wp\/v2\/pages\/48","targetHints":{"allow":["GET"]}}],"collection":[{"href":"http:\/\/eltechslask.pl\/index.php?rest_route=\/wp\/v2\/pages"}],"about":[{"href":"http:\/\/eltechslask.pl\/index.php?rest_route=\/wp\/v2\/types\/page"}],"author":[{"embeddable":true,"href":"http:\/\/eltechslask.pl\/index.php?rest_route=\/wp\/v2\/users\/1"}],"replies":[{"embeddable":true,"href":"http:\/\/eltechslask.pl\/index.php?rest_route=%2Fwp%2Fv2%2Fcomments&post=48"}],"version-history":[{"count":5,"href":"http:\/\/eltechslask.pl\/index.php?rest_route=\/wp\/v2\/pages\/48\/revisions"}],"predecessor-version":[{"id":113,"href":"http:\/\/eltechslask.pl\/index.php?rest_route=\/wp\/v2\/pages\/48\/revisions\/113"}],"wp:attachment":[{"href":"http:\/\/eltechslask.pl\/index.php?rest_route=%2Fwp%2Fv2%2Fmedia&parent=48"}],"curies":[{"name":"wp","href":"https:\/\/api.w.org\/{rel}","templated":true}]}}