{"id":65,"date":"2022-10-25T14:11:41","date_gmt":"2022-10-25T12:11:41","guid":{"rendered":"http:\/\/eltechslask.pl\/?page_id=65"},"modified":"2022-10-28T12:39:57","modified_gmt":"2022-10-28T10:39:57","slug":"osprzet","status":"publish","type":"page","link":"http:\/\/eltechslask.pl\/?page_id=65","title":{"rendered":"Osprz\u0119t"},"content":{"rendered":"\n<p>W sprzeda\u017cy posiadamy bogaty asortyment osprz\u0119tu do elektronarz\u0119dzi, m.in.:&nbsp;klucze do szlifierek k\u0105towych i uchwyt\u00f3w wiertarskich, r\u00f3\u017cne rodzaje uchwyt\u00f3w wiertrskich, brzeszczoty, wiert\u0142a i d\u0142uta, pi\u0142y tarczowe, tarcze, materia\u0142y \u015bcierne, oprzyrz\u0105dowanie i mn\u00f3stwo innych akcesorii.<\/p>\n\n\n\n<div class=\"wp-block-media-text alignfull has-media-on-the-right is-stacked-on-mobile is-vertically-aligned-center\"><figure class=\"wp-block-media-text__media\"><img loading=\"lazy\" decoding=\"async\" width=\"450\" height=\"330\" src=\"http:\/\/eltechslask.pl\/wp-content\/uploads\/2022\/10\/osprzet.jpg\" alt=\"\" class=\"wp-image-71 size-full\" srcset=\"http:\/\/eltechslask.pl\/wp-content\/uploads\/2022\/10\/osprzet.jpg 450w, http:\/\/eltechslask.pl\/wp-content\/uploads\/2022\/10\/osprzet-300x220.jpg 300w\" sizes=\"auto, (max-width: 450px) 100vw, 450px\" \/><\/figure><div class=\"wp-block-media-text__content\">\n<p class=\"has-text-align-left has-extra-small-font-size\"><strong>Osprz\u0119t do elektronarz\u0119dzi<\/strong>:&nbsp;<br>&#8211; uchwyty wiertarskie z kluczykiem<br>&#8211; uchwyty wiertarskie samozaciskowe &#8211;  uchwyty SDS szybkozmienne<br>&#8211; adaptery SDS<br>&#8211; klucze do uchwyt\u00f3w wiertarski i szlifierek k\u0105towych<\/p>\n<\/div><\/div>\n\n\n\n<div class=\"wp-block-media-text alignwide is-stacked-on-mobile\"><figure class=\"wp-block-media-text__media\"><img loading=\"lazy\" decoding=\"async\" width=\"450\" height=\"330\" src=\"http:\/\/eltechslask.pl\/wp-content\/uploads\/2022\/10\/wiert_sdsplus.jpg\" alt=\"\" class=\"wp-image-77 size-full\" srcset=\"http:\/\/eltechslask.pl\/wp-content\/uploads\/2022\/10\/wiert_sdsplus.jpg 450w, http:\/\/eltechslask.pl\/wp-content\/uploads\/2022\/10\/wiert_sdsplus-300x220.jpg 300w\" sizes=\"auto, (max-width: 450px) 100vw, 450px\" \/><\/figure><div class=\"wp-block-media-text__content\">\n<p class=\"has-text-align-right\"><strong>Wiert\u0142a z uchwytem SDS PLUS<\/strong>&nbsp;<br>Oferta obejmuje wiert\u0142a SDS+ do betonu, muru, ceg\u0142y, kamienia takich firm jak: Bosch, DeWalt, Verto, Graphite<br>&#8211; \u015brednice wierte\u0142: od 4mm do 32mm<br>&#8211; d\u0142ugo\u015bci wierte\u0142: od 110mm do 800mm<\/p>\n<\/div><\/div>\n\n\n\n<div class=\"wp-block-media-text alignwide has-media-on-the-right is-stacked-on-mobile\"><figure class=\"wp-block-media-text__media\"><img loading=\"lazy\" decoding=\"async\" width=\"450\" height=\"330\" src=\"http:\/\/eltechslask.pl\/wp-content\/uploads\/2022\/10\/dluta_sds.jpg\" alt=\"\" class=\"wp-image-80 size-full\" srcset=\"http:\/\/eltechslask.pl\/wp-content\/uploads\/2022\/10\/dluta_sds.jpg 450w, http:\/\/eltechslask.pl\/wp-content\/uploads\/2022\/10\/dluta_sds-300x220.jpg 300w\" sizes=\"auto, (max-width: 450px) 100vw, 450px\" \/><\/figure><div class=\"wp-block-media-text__content\">\n<p class=\"has-text-align-left\"><strong>D\u0142uta z uchwytem SDS PLUS i SDS MAX, HEX30<\/strong><br>Ofera obejmuje d\u0142uta SDS+ i SDS max firm Verto, Grapchite:<br>&#8211; d\u0142uta szpiczaste SDS+ o d\u0142. 250mm<br>&#8211; d\u0142uta p\u0142askie SDS+ 20x250mm, 40x250mm, 50x350mm<br>&#8211; d\u0142uta do bruzdowania o \u015br. 22mm i d\u0142. 250mm<br>&#8211; d\u0142uta szpiczaste SDS max o d\u0142. 280mm, 400mm, 600mm<br>&#8211; d\u0142uta p\u0142askie SDS max 25x250mm, 25x400mm, 25x600mm, 50x36mm, 50x400mm, 80x300mm, 115x350mm<br>&#8211; d\u0142uta do bruzdowania SDS maxo \u015br. 25x350mm, 26x300mm, 32x200mm<br>&#8211; inne<\/p>\n<\/div><\/div>\n\n\n\n<div class=\"wp-block-media-text alignwide is-stacked-on-mobile\"><figure class=\"wp-block-media-text__media\"><img loading=\"lazy\" decoding=\"async\" width=\"450\" height=\"330\" src=\"http:\/\/eltechslask.pl\/wp-content\/uploads\/2022\/10\/otwornice.jpg\" alt=\"\" class=\"wp-image-81 size-full\" srcset=\"http:\/\/eltechslask.pl\/wp-content\/uploads\/2022\/10\/otwornice.jpg 450w, http:\/\/eltechslask.pl\/wp-content\/uploads\/2022\/10\/otwornice-300x220.jpg 300w\" sizes=\"auto, (max-width: 450px) 100vw, 450px\" \/><\/figure><div class=\"wp-block-media-text__content\">\n<p class=\"has-text-align-right\"><strong>Otwornice<\/strong>\u00a0<br>Oferta obejmuje otwornice:<br>&#8211; do betonu o \u015br. 65mm, 80mm<br>&#8211; bimetalowe o \u015br. od 16mm do 105mm<br>&#8211; do drewna o \u015br. od 60mm do 90mm<br>&#8211; do glazury<\/p>\n<\/div><\/div>\n\n\n\n<div class=\"wp-block-media-text alignwide has-media-on-the-right is-stacked-on-mobile\"><figure class=\"wp-block-media-text__media\"><img loading=\"lazy\" decoding=\"async\" width=\"450\" height=\"330\" src=\"http:\/\/eltechslask.pl\/wp-content\/uploads\/2022\/10\/pilytarczowe.jpg\" alt=\"\" class=\"wp-image-82 size-full\" srcset=\"http:\/\/eltechslask.pl\/wp-content\/uploads\/2022\/10\/pilytarczowe.jpg 450w, http:\/\/eltechslask.pl\/wp-content\/uploads\/2022\/10\/pilytarczowe-300x220.jpg 300w\" sizes=\"auto, (max-width: 450px) 100vw, 450px\" \/><\/figure><div class=\"wp-block-media-text__content\">\n<p><strong>arcze<\/strong>\u00a0<br>Oferta nasza obejmuje pi\u0142y tarczowe z w\u0119glikami spiekanymi firm Graphite, Verto<br>&#8211; o \u015brednicach w zakresie od 130mm do 600mm<br>&#8211; o liczbie z\u0119b\u00f3w od 14 przy ma\u0142ch \u015brednicach tarcz do 100 dla tarczy 600mm<br>Dodatkowo w ofercie jest kilka modeli tarcz z w\u0119glikami spiekanymi do stali nierdzewnej INOX.<\/p>\n<\/div><\/div>\n\n\n\n<div class=\"wp-block-media-text alignwide is-stacked-on-mobile\"><figure class=\"wp-block-media-text__media\"><img loading=\"lazy\" decoding=\"async\" width=\"450\" height=\"330\" src=\"http:\/\/eltechslask.pl\/wp-content\/uploads\/2022\/10\/brzeszczoty.jpg\" alt=\"\" class=\"wp-image-84 size-full\" srcset=\"http:\/\/eltechslask.pl\/wp-content\/uploads\/2022\/10\/brzeszczoty.jpg 450w, http:\/\/eltechslask.pl\/wp-content\/uploads\/2022\/10\/brzeszczoty-300x220.jpg 300w\" sizes=\"auto, (max-width: 450px) 100vw, 450px\" \/><\/figure><div class=\"wp-block-media-text__content\">\n<p class=\"has-text-align-right\"><strong>Brzeszczoty<\/strong>\u00a0<br>Oferta nasza obejmuje brzeszczoty z uchwytem Bosch i z uchwytem BlackDecker:<br>&#8211; do ci\u0119cia drewna<br>&#8211; do ci\u0119cia metalu<br>&#8211; do ci\u0119cia ceramiki<br>&#8211; inne (do pi\u0142 szablastych, itp)<\/p>\n<\/div><\/div>\n","protected":false},"excerpt":{"rendered":"<p>W sprzeda\u017cy posiadamy bogaty asortyment osprz\u0119tu do elektronarz\u0119dzi, m.in.:&nbsp;klucze do szlifierek k\u0105towych i uchwyt\u00f3w wiertarskich, r\u00f3\u017cne rodzaje uchwyt\u00f3w wiertrskich, brzeszczoty, wiert\u0142a i d\u0142uta, pi\u0142y tarczowe, tarcze, materia\u0142y \u015bcierne, oprzyrz\u0105dowanie i mn\u00f3stwo innych akcesorii. Osprz\u0119t do elektronarz\u0119dzi:&nbsp;&#8211; uchwyty wiertarskie z kluczykiem&#8211; uchwyty wiertarskie samozaciskowe &#8211; uchwyty SDS szybkozmienne&#8211; adaptery SDS&#8211; klucze do uchwyt\u00f3w wiertarski i szlifierek &hellip; <\/p>\n<p class=\"link-more\"><a href=\"http:\/\/eltechslask.pl\/?page_id=65\" class=\"more-link\">Continue reading<span class=\"screen-reader-text\"> &#8220;Osprz\u0119t&#8221;<\/span><\/a><\/p>\n","protected":false},"author":1,"featured_media":0,"parent":0,"menu_order":0,"comment_status":"closed","ping_status":"closed","template":"","meta":{"footnotes":""},"class_list":["post-65","page","type-page","status-publish","hentry"],"_links":{"self":[{"href":"http:\/\/eltechslask.pl\/index.php?rest_route=\/wp\/v2\/pages\/65","targetHints":{"allow":["GET"]}}],"collection":[{"href":"http:\/\/eltechslask.pl\/index.php?rest_route=\/wp\/v2\/pages"}],"about":[{"href":"http:\/\/eltechslask.pl\/index.php?rest_route=\/wp\/v2\/types\/page"}],"author":[{"embeddable":true,"href":"http:\/\/eltechslask.pl\/index.php?rest_route=\/wp\/v2\/users\/1"}],"replies":[{"embeddable":true,"href":"http:\/\/eltechslask.pl\/index.php?rest_route=%2Fwp%2Fv2%2Fcomments&post=65"}],"version-history":[{"count":5,"href":"http:\/\/eltechslask.pl\/index.php?rest_route=\/wp\/v2\/pages\/65\/revisions"}],"predecessor-version":[{"id":85,"href":"http:\/\/eltechslask.pl\/index.php?rest_route=\/wp\/v2\/pages\/65\/revisions\/85"}],"wp:attachment":[{"href":"http:\/\/eltechslask.pl\/index.php?rest_route=%2Fwp%2Fv2%2Fmedia&parent=65"}],"curies":[{"name":"wp","href":"https:\/\/api.w.org\/{rel}","templated":true}]}}