{"id":99,"date":"2022-10-28T13:03:28","date_gmt":"2022-10-28T11:03:28","guid":{"rendered":"http:\/\/eltechslask.pl\/?page_id=99"},"modified":"2022-10-28T13:04:51","modified_gmt":"2022-10-28T11:04:51","slug":"99-2","status":"publish","type":"page","link":"http:\/\/eltechslask.pl\/?page_id=99","title":{"rendered":"Serwis"},"content":{"rendered":"\n<h1 class=\"wp-block-heading\">Naprawa elektronarz\u0119dzi<\/h1>\n\n\n\n<p>Serwis elektronarz\u0119dzi jest podstaw\u0105 dzia\u0142alno\u015bci naszej firmy. Pe\u0142ny profesjonalizm i do\u015bwadczenie pozala nam zapewni\u0107 wysokiej jako\u015bci us\u0142ugi naprawy, przegl\u0105d\u00f3w i konserwacji elektronarz\u0119dzi r\u00f3\u017cnych producent\u00f3w.<\/p>\n\n\n\n<p>Zapewniamy przy tym niskie ceny i kr\u00f3tkie terminy realizacji naszych us\u0142ug. Wiele us\u0142ug wykonujemy na poczekaniu, je\u017celi tylko s\u0105 odpowiednie cz\u0119\u015bci. Na dzie\u0144 dzisiejszy zapewniamy dost\u0119p do cz\u0119\u015bci do elektonarz\u0119dzi takich firm jak:<strong> Bosch, DeWalt, Black&amp;Decker, Stanley, Makita, Metabo Hitachi, AEG, Milwaukee, Ryobi, Graphite, Erbauer, MacAllister, i wiele innych.<\/strong> Do naprawy jednak przyjmujemy wszystkie elektronarz\u0119dzia.<\/p>\n\n\n\n<p>Ci\u0105gle powi\u0119kaszamy swoj\u0105 ofert\u0119 i zdobywamy kolejne do\u015bwiadczenia. Dzi\u0119ki temu zapewniamy bardzo wysok\u0105 jako\u015b\u0107 us\u0142ug, a na swoje us\u0142ugi udzielamy gwarancji. Dajemy klientowi pe\u0142n\u0105 swobod\u0119 wyboru: u nas to klient decyduje klient chce zastosowa\u0107 oryginaln\u0105 cz\u0119\u015b\u0107, regenerowan\u0105 czy te\u017c zamiennik. Ta elastyczno\u015b\u0107, szybko\u015b\u0107 dzia\u0142ania i niskie ceny pozwalaj\u0105 nam na&nbsp;odpowiednie dopasowanie si\u0119 do potrzeb klienta i rynku.<\/p>\n\n\n\n<p>ZAPRASZAMY DO NAS !!! TERAZ MASZ PRAWDZIWY WYB\u00d3R !!!<\/p>\n\n\n\n<figure class=\"wp-block-gallery aligncenter has-nested-images columns-default is-cropped wp-block-gallery-1 is-layout-flex wp-block-gallery-is-layout-flex\">\n<figure class=\"wp-block-image size-large\"><img loading=\"lazy\" decoding=\"async\" width=\"1080\" height=\"250\" data-id=\"95\" src=\"http:\/\/eltechslask.pl\/wp-content\/uploads\/2022\/10\/VERTO.png\" alt=\"\" class=\"wp-image-95\" srcset=\"http:\/\/eltechslask.pl\/wp-content\/uploads\/2022\/10\/VERTO.png 1080w, http:\/\/eltechslask.pl\/wp-content\/uploads\/2022\/10\/VERTO-300x69.png 300w, http:\/\/eltechslask.pl\/wp-content\/uploads\/2022\/10\/VERTO-1024x237.png 1024w, http:\/\/eltechslask.pl\/wp-content\/uploads\/2022\/10\/VERTO-768x178.png 768w\" sizes=\"auto, (max-width: 767px) 89vw, (max-width: 1000px) 54vw, (max-width: 1071px) 543px, 580px\" \/><\/figure>\n\n\n\n<figure class=\"wp-block-image size-large\"><img loading=\"lazy\" decoding=\"async\" width=\"265\" height=\"81\" data-id=\"91\" src=\"http:\/\/eltechslask.pl\/wp-content\/uploads\/2022\/10\/celma1.jpg\" alt=\"\" class=\"wp-image-91\"\/><\/figure>\n\n\n\n<figure class=\"wp-block-image size-large\"><img loading=\"lazy\" decoding=\"async\" width=\"1080\" height=\"180\" data-id=\"92\" src=\"http:\/\/eltechslask.pl\/wp-content\/uploads\/2022\/10\/GHT.png\" alt=\"\" class=\"wp-image-92\" srcset=\"http:\/\/eltechslask.pl\/wp-content\/uploads\/2022\/10\/GHT.png 1080w, http:\/\/eltechslask.pl\/wp-content\/uploads\/2022\/10\/GHT-300x50.png 300w, http:\/\/eltechslask.pl\/wp-content\/uploads\/2022\/10\/GHT-1024x171.png 1024w, http:\/\/eltechslask.pl\/wp-content\/uploads\/2022\/10\/GHT-768x128.png 768w\" sizes=\"auto, (max-width: 767px) 89vw, (max-width: 1000px) 54vw, (max-width: 1071px) 543px, 580px\" \/><\/figure>\n\n\n\n<figure class=\"wp-block-image size-large\"><img loading=\"lazy\" decoding=\"async\" width=\"301\" height=\"167\" data-id=\"93\" src=\"http:\/\/eltechslask.pl\/wp-content\/uploads\/2022\/10\/Hitachi.png\" alt=\"\" class=\"wp-image-93\"\/><\/figure>\n\n\n\n<figure class=\"wp-block-image size-large\"><img loading=\"lazy\" decoding=\"async\" width=\"265\" height=\"102\" data-id=\"94\" src=\"http:\/\/eltechslask.pl\/wp-content\/uploads\/2022\/10\/Metabo-logo.jpg\" alt=\"\" class=\"wp-image-94\"\/><\/figure>\n\n\n\n<figure class=\"wp-block-image size-large\"><img loading=\"lazy\" decoding=\"async\" width=\"1200\" height=\"507\" data-id=\"90\" src=\"http:\/\/eltechslask.pl\/wp-content\/uploads\/2022\/10\/bosch_logo.png\" alt=\"\" class=\"wp-image-90\" srcset=\"http:\/\/eltechslask.pl\/wp-content\/uploads\/2022\/10\/bosch_logo.png 1200w, http:\/\/eltechslask.pl\/wp-content\/uploads\/2022\/10\/bosch_logo-300x127.png 300w, http:\/\/eltechslask.pl\/wp-content\/uploads\/2022\/10\/bosch_logo-1024x433.png 1024w, http:\/\/eltechslask.pl\/wp-content\/uploads\/2022\/10\/bosch_logo-768x324.png 768w\" sizes=\"auto, (max-width: 767px) 89vw, (max-width: 1000px) 54vw, (max-width: 1071px) 543px, 580px\" \/><\/figure>\n\n\n\n<figure class=\"wp-block-image size-large\"><img loading=\"lazy\" decoding=\"async\" width=\"1200\" height=\"522\" data-id=\"89\" src=\"http:\/\/eltechslask.pl\/wp-content\/uploads\/2022\/10\/Allgemeine_Elektricitats-Gesellschaft_2016_logo.svg_.png\" alt=\"\" class=\"wp-image-89\" srcset=\"http:\/\/eltechslask.pl\/wp-content\/uploads\/2022\/10\/Allgemeine_Elektricitats-Gesellschaft_2016_logo.svg_.png 1200w, http:\/\/eltechslask.pl\/wp-content\/uploads\/2022\/10\/Allgemeine_Elektricitats-Gesellschaft_2016_logo.svg_-300x131.png 300w, http:\/\/eltechslask.pl\/wp-content\/uploads\/2022\/10\/Allgemeine_Elektricitats-Gesellschaft_2016_logo.svg_-1024x445.png 1024w, http:\/\/eltechslask.pl\/wp-content\/uploads\/2022\/10\/Allgemeine_Elektricitats-Gesellschaft_2016_logo.svg_-768x334.png 768w\" sizes=\"auto, (max-width: 767px) 89vw, (max-width: 1000px) 54vw, (max-width: 1071px) 543px, 580px\" \/><\/figure>\n<\/figure>\n","protected":false},"excerpt":{"rendered":"<p>Naprawa elektronarz\u0119dzi Serwis elektronarz\u0119dzi jest podstaw\u0105 dzia\u0142alno\u015bci naszej firmy. Pe\u0142ny profesjonalizm i do\u015bwadczenie pozala nam zapewni\u0107 wysokiej jako\u015bci us\u0142ugi naprawy, przegl\u0105d\u00f3w i konserwacji elektronarz\u0119dzi r\u00f3\u017cnych producent\u00f3w. Zapewniamy przy tym niskie ceny i kr\u00f3tkie terminy realizacji naszych us\u0142ug. Wiele us\u0142ug wykonujemy na poczekaniu, je\u017celi tylko s\u0105 odpowiednie cz\u0119\u015bci. Na dzie\u0144 dzisiejszy zapewniamy dost\u0119p do cz\u0119\u015bci do &hellip; <\/p>\n<p class=\"link-more\"><a href=\"http:\/\/eltechslask.pl\/?page_id=99\" class=\"more-link\">Continue reading<span class=\"screen-reader-text\"> &#8220;Serwis&#8221;<\/span><\/a><\/p>\n","protected":false},"author":1,"featured_media":0,"parent":0,"menu_order":0,"comment_status":"closed","ping_status":"closed","template":"","meta":{"footnotes":""},"class_list":["post-99","page","type-page","status-publish","hentry"],"_links":{"self":[{"href":"http:\/\/eltechslask.pl\/index.php?rest_route=\/wp\/v2\/pages\/99","targetHints":{"allow":["GET"]}}],"collection":[{"href":"http:\/\/eltechslask.pl\/index.php?rest_route=\/wp\/v2\/pages"}],"about":[{"href":"http:\/\/eltechslask.pl\/index.php?rest_route=\/wp\/v2\/types\/page"}],"author":[{"embeddable":true,"href":"http:\/\/eltechslask.pl\/index.php?rest_route=\/wp\/v2\/users\/1"}],"replies":[{"embeddable":true,"href":"http:\/\/eltechslask.pl\/index.php?rest_route=%2Fwp%2Fv2%2Fcomments&post=99"}],"version-history":[{"count":4,"href":"http:\/\/eltechslask.pl\/index.php?rest_route=\/wp\/v2\/pages\/99\/revisions"}],"predecessor-version":[{"id":104,"href":"http:\/\/eltechslask.pl\/index.php?rest_route=\/wp\/v2\/pages\/99\/revisions\/104"}],"wp:attachment":[{"href":"http:\/\/eltechslask.pl\/index.php?rest_route=%2Fwp%2Fv2%2Fmedia&parent=99"}],"curies":[{"name":"wp","href":"https:\/\/api.w.org\/{rel}","templated":true}]}}